{"id":18,"date":"2021-08-20T17:13:09","date_gmt":"2021-08-20T15:13:09","guid":{"rendered":"http:\/\/albiorix.fr\/?page_id=18"},"modified":"2021-08-21T01:13:30","modified_gmt":"2021-08-20T23:13:30","slug":"a-propos-de","status":"publish","type":"page","link":"https:\/\/albiorix.fr\/","title":{"rendered":"\u00c0 propos de"},"content":{"rendered":"\n<p>Int\u00e9ress\u00e9 par de nombreux sujets scientifiques et techniques, notamment tout ce qui tourne autour du num\u00e9rique et de l&rsquo;informatique, des ondes radio, du ciel, de l&rsquo;Espace et de l&rsquo;Univers. Vous pouvez me contacter via les commentaires des articles.<\/p>\n","protected":false},"excerpt":{"rendered":"<p>Int\u00e9ress\u00e9 par de nombreux sujets scientifiques et techniques, notamment tout ce qui tourne autour du num\u00e9rique et de l&rsquo;informatique, des ondes radio, du ciel, de l&rsquo;Espace et de l&rsquo;Univers. Vous pouvez me contacter via les commentaires des articles.<\/p>\n","protected":false},"author":1,"featured_media":0,"parent":0,"menu_order":0,"comment_status":"closed","ping_status":"closed","template":"","meta":{"footnotes":""},"class_list":["post-18","page","type-page","status-publish","hentry"],"_links":{"self":[{"href":"https:\/\/albiorix.fr\/index.php?rest_route=\/wp\/v2\/pages\/18","targetHints":{"allow":["GET"]}}],"collection":[{"href":"https:\/\/albiorix.fr\/index.php?rest_route=\/wp\/v2\/pages"}],"about":[{"href":"https:\/\/albiorix.fr\/index.php?rest_route=\/wp\/v2\/types\/page"}],"author":[{"embeddable":true,"href":"https:\/\/albiorix.fr\/index.php?rest_route=\/wp\/v2\/users\/1"}],"replies":[{"embeddable":true,"href":"https:\/\/albiorix.fr\/index.php?rest_route=%2Fwp%2Fv2%2Fcomments&post=18"}],"version-history":[{"count":3,"href":"https:\/\/albiorix.fr\/index.php?rest_route=\/wp\/v2\/pages\/18\/revisions"}],"predecessor-version":[{"id":77,"href":"https:\/\/albiorix.fr\/index.php?rest_route=\/wp\/v2\/pages\/18\/revisions\/77"}],"wp:attachment":[{"href":"https:\/\/albiorix.fr\/index.php?rest_route=%2Fwp%2Fv2%2Fmedia&parent=18"}],"curies":[{"name":"wp","href":"https:\/\/api.w.org\/{rel}","templated":true}]}}